{"id":501,"date":"2019-02-14T08:15:16","date_gmt":"2019-02-14T07:15:16","guid":{"rendered":"http:\/\/www.virada.ovh\/virada\/?page_id=501"},"modified":"2024-06-16T08:13:40","modified_gmt":"2024-06-16T06:13:40","slug":"accueil","status":"publish","type":"page","link":"https:\/\/www.virada.ovh\/virada\/","title":{"rendered":"Accueil"},"content":{"rendered":"<div class='e-content'>\n<p class=\"has-drop-cap has-medium-font-size\">Situ\u00e9e en Dordogne \u00e0 Saint L\u00e9on sur l&rsquo;Isle ( 24110 )  au coeur du P\u00e9rigord blanc , \u00e0 mi-parcours entre Bordeaux (108 Km) et Brive (94 Km), \u00e0 la crois\u00e9e des P\u00e9rigords vert (Brant\u00f4me) et pourpre (Bergerac), la chambre d&rsquo;h\u00f4tes La Virada (Le d\u00e9tour) vous propose un s\u00e9jour de charme et de qualit\u00e9.<br><\/p>\n\n\n\n<p class=\"has-text-align-center has-medium-font-size\"><a href=\"https:\/\/www.virada.ovh\/virada\/la-virada\/\">Chambre d&rsquo;h\u00f4tes La virada ( photos et \u00e9quipements ici)<\/a> <\/p>\n\n\n\n<figure class=\"wp-block-image size-large\"><img loading=\"lazy\" decoding=\"async\" width=\"1024\" height=\"695\" src=\"https:\/\/www.virada.ovh\/virada\/wp-content\/uploads\/2022\/03\/virada_exterieur_-1-1024x695.jpg\" alt=\"\" class=\"wp-image-1287\" srcset=\"https:\/\/www.virada.ovh\/virada\/wp-content\/uploads\/2022\/03\/virada_exterieur_-1-1024x695.jpg 1024w, https:\/\/www.virada.ovh\/virada\/wp-content\/uploads\/2022\/03\/virada_exterieur_-1-300x203.jpg 300w, https:\/\/www.virada.ovh\/virada\/wp-content\/uploads\/2022\/03\/virada_exterieur_-1-768x521.jpg 768w, https:\/\/www.virada.ovh\/virada\/wp-content\/uploads\/2022\/03\/virada_exterieur_-1-1536x1042.jpg 1536w, https:\/\/www.virada.ovh\/virada\/wp-content\/uploads\/2022\/03\/virada_exterieur_-1-2048x1389.jpg 2048w, https:\/\/www.virada.ovh\/virada\/wp-content\/uploads\/2022\/03\/virada_exterieur_-1-442x300.jpg 442w\" sizes=\"(max-width: 1024px) 100vw, 1024px\" \/><\/figure>\n\n\n\n<div class=\"wp-block-image\"><figure class=\"aligncenter is-resized\"><a href=\"https:\/\/www.virada.ovh\/virada\/la-virada\/\"><img loading=\"lazy\" decoding=\"async\" src=\"https:\/\/www.virada.ovh\/virada\/wp-content\/uploads\/2019\/02\/Perigord-4.jpg\" alt=\"\" class=\"wp-image-747\" width=\"502\" height=\"409\" srcset=\"https:\/\/www.virada.ovh\/virada\/wp-content\/uploads\/2019\/02\/Perigord-4.jpg 1100w, https:\/\/www.virada.ovh\/virada\/wp-content\/uploads\/2019\/02\/Perigord-4-300x244.jpg 300w, https:\/\/www.virada.ovh\/virada\/wp-content\/uploads\/2019\/02\/Perigord-4-768x624.jpg 768w, https:\/\/www.virada.ovh\/virada\/wp-content\/uploads\/2019\/02\/Perigord-4-1024x832.jpg 1024w, https:\/\/www.virada.ovh\/virada\/wp-content\/uploads\/2019\/02\/Perigord-4-369x300.jpg 369w\" sizes=\"(max-width: 502px) 100vw, 502px\" \/><\/a><\/figure><\/div>\n\n\n\n<p class=\"has-text-align-center has-medium-font-size\"><a href=\"https:\/\/www.virada.ovh\/virada\/contact\/\">Formulaire de contact ICI<\/a><\/p>\n<\/div>","protected":false},"excerpt":{"rendered":"<div class='e-content p-summary'>Situ\u00e9e en Dordogne \u00e0 Saint L\u00e9on sur l&rsquo;Isle ( 24110 ) au coeur du P\u00e9rigord blanc , \u00e0 mi-parcours entre Bordeaux (108 Km) et Brive (94 Km), \u00e0 la crois\u00e9e des P\u00e9rigords vert (Brant\u00f4me) et pourpre (Bergerac), la chambre d&rsquo;h\u00f4tes &hellip; <a href=\"https:\/\/www.virada.ovh\/virada\/\">Continuer la lecture <span class=\"meta-nav\">&rarr;<\/span><\/a><\/div>\n","protected":false},"author":1,"featured_media":854,"parent":0,"menu_order":0,"comment_status":"closed","ping_status":"closed","template":"showcase.php","meta":{"footnotes":""},"_links":{"self":[{"href":"https:\/\/www.virada.ovh\/virada\/wp-json\/wp\/v2\/pages\/501"}],"collection":[{"href":"https:\/\/www.virada.ovh\/virada\/wp-json\/wp\/v2\/pages"}],"about":[{"href":"https:\/\/www.virada.ovh\/virada\/wp-json\/wp\/v2\/types\/page"}],"author":[{"embeddable":true,"href":"https:\/\/www.virada.ovh\/virada\/wp-json\/wp\/v2\/users\/1"}],"replies":[{"embeddable":true,"href":"https:\/\/www.virada.ovh\/virada\/wp-json\/wp\/v2\/comments?post=501"}],"version-history":[{"count":30,"href":"https:\/\/www.virada.ovh\/virada\/wp-json\/wp\/v2\/pages\/501\/revisions"}],"predecessor-version":[{"id":1288,"href":"https:\/\/www.virada.ovh\/virada\/wp-json\/wp\/v2\/pages\/501\/revisions\/1288"}],"wp:featuredmedia":[{"embeddable":true,"href":"https:\/\/www.virada.ovh\/virada\/wp-json\/wp\/v2\/media\/854"}],"wp:attachment":[{"href":"https:\/\/www.virada.ovh\/virada\/wp-json\/wp\/v2\/media?parent=501"}],"curies":[{"name":"wp","href":"https:\/\/api.w.org\/{rel}","templated":true}]}}