{"id":506,"date":"2019-02-14T08:15:16","date_gmt":"2019-02-14T07:15:16","guid":{"rendered":"http:\/\/www.virada.ovh\/virada\/?page_id=506"},"modified":"2019-04-14T10:49:24","modified_gmt":"2019-04-14T08:49:24","slug":"wilkommen","status":"publish","type":"page","link":"https:\/\/www.virada.ovh\/virada\/de\/wilkommen\/","title":{"rendered":"Wilkommen"},"content":{"rendered":"<div class='e-content'>\n<p class=\"has-drop-cap has-medium-font-size\">Auf Reise zwischen Bordeaux und Brive? Auf Fliterreise in der Dordogne ? Auf der Suche nach eine \u00dcbernachtung in der n\u00e4he von Saint Astier oder Neuvic ? Nehmen Sie sich Zeit und genie\u00dfen Sie die Gem\u00fctlichkeit und Qualit\u00e4t von unser G\u00e4stezimmer \u00ab\u00a0La Virada\u00a0\u00bb (Die Umleitung). Von hier ab erreichen Sie gem\u00fctlich und enspannt jedes Besuchziel in der Dordogne<\/p>\n\n\n\n<p style=\"text-align:center\" class=\"has-medium-font-size\"><a href=\"https:\/\/www.virada.ovh\/virada\/de\/die-virada\/\">Das G\u00e4stezimmer die Virada (Fotos und Austattung hier)<\/a><\/p>\n\n\n\n<figure class=\"wp-block-image\"><img loading=\"lazy\" decoding=\"async\" width=\"1024\" height=\"695\" src=\"https:\/\/www.virada.ovh\/virada\/wp-content\/uploads\/2019\/04\/virada_exterieur_-3-1024x695.jpg\" alt=\"\" class=\"wp-image-1276\" srcset=\"https:\/\/www.virada.ovh\/virada\/wp-content\/uploads\/2019\/04\/virada_exterieur_-3-1024x695.jpg 1024w, https:\/\/www.virada.ovh\/virada\/wp-content\/uploads\/2019\/04\/virada_exterieur_-3-300x203.jpg 300w, https:\/\/www.virada.ovh\/virada\/wp-content\/uploads\/2019\/04\/virada_exterieur_-3-768x521.jpg 768w, https:\/\/www.virada.ovh\/virada\/wp-content\/uploads\/2019\/04\/virada_exterieur_-3-442x300.jpg 442w\" sizes=\"(max-width: 1024px) 100vw, 1024px\" \/><\/figure>\n\n\n\n<div class=\"wp-block-image\"><figure class=\"aligncenter is-resized\"><a href=\"https:\/\/www.virada.ovh\/virada\/die-virada\/\"><img loading=\"lazy\" decoding=\"async\" src=\"https:\/\/www.virada.ovh\/virada\/wp-content\/uploads\/2019\/02\/Perigord-3.jpg\" alt=\"\" class=\"wp-image-658\" width=\"505\" height=\"411\" srcset=\"https:\/\/www.virada.ovh\/virada\/wp-content\/uploads\/2019\/02\/Perigord-3.jpg 1100w, https:\/\/www.virada.ovh\/virada\/wp-content\/uploads\/2019\/02\/Perigord-3-300x244.jpg 300w, https:\/\/www.virada.ovh\/virada\/wp-content\/uploads\/2019\/02\/Perigord-3-768x624.jpg 768w, https:\/\/www.virada.ovh\/virada\/wp-content\/uploads\/2019\/02\/Perigord-3-1024x832.jpg 1024w, https:\/\/www.virada.ovh\/virada\/wp-content\/uploads\/2019\/02\/Perigord-3-369x300.jpg 369w\" sizes=\"(max-width: 505px) 100vw, 505px\" \/><\/a><\/figure><\/div>\n\n\n\n<p style=\"text-align:center\" class=\"has-medium-font-size\"><a href=\"https:\/\/www.virada.ovh\/virada\/de\/kontakt\/\">Kontakt Formular hier<\/a><\/p>\n<\/div>","protected":false},"excerpt":{"rendered":"<div class='e-content p-summary'>Auf Reise zwischen Bordeaux und Brive? Auf Fliterreise in der Dordogne ? Auf der Suche nach eine \u00dcbernachtung in der n\u00e4he von Saint Astier oder Neuvic ? Nehmen Sie sich Zeit und genie\u00dfen Sie die Gem\u00fctlichkeit und Qualit\u00e4t von unser &hellip; <a href=\"https:\/\/www.virada.ovh\/virada\/de\/wilkommen\/\">Continuer la lecture <span class=\"meta-nav\">&rarr;<\/span><\/a><\/div>\n","protected":false},"author":1,"featured_media":854,"parent":0,"menu_order":0,"comment_status":"closed","ping_status":"closed","template":"showcase.php","meta":{"footnotes":""},"_links":{"self":[{"href":"https:\/\/www.virada.ovh\/virada\/wp-json\/wp\/v2\/pages\/506"}],"collection":[{"href":"https:\/\/www.virada.ovh\/virada\/wp-json\/wp\/v2\/pages"}],"about":[{"href":"https:\/\/www.virada.ovh\/virada\/wp-json\/wp\/v2\/types\/page"}],"author":[{"embeddable":true,"href":"https:\/\/www.virada.ovh\/virada\/wp-json\/wp\/v2\/users\/1"}],"replies":[{"embeddable":true,"href":"https:\/\/www.virada.ovh\/virada\/wp-json\/wp\/v2\/comments?post=506"}],"version-history":[{"count":22,"href":"https:\/\/www.virada.ovh\/virada\/wp-json\/wp\/v2\/pages\/506\/revisions"}],"predecessor-version":[{"id":1277,"href":"https:\/\/www.virada.ovh\/virada\/wp-json\/wp\/v2\/pages\/506\/revisions\/1277"}],"wp:featuredmedia":[{"embeddable":true,"href":"https:\/\/www.virada.ovh\/virada\/wp-json\/wp\/v2\/media\/854"}],"wp:attachment":[{"href":"https:\/\/www.virada.ovh\/virada\/wp-json\/wp\/v2\/media?parent=506"}],"curies":[{"name":"wp","href":"https:\/\/api.w.org\/{rel}","templated":true}]}}