{"id":637,"date":"2019-02-14T08:53:11","date_gmt":"2019-02-14T07:53:11","guid":{"rendered":"http:\/\/www.virada.ovh\/virada\/?page_id=637"},"modified":"2019-03-06T08:57:49","modified_gmt":"2019-03-06T07:57:49","slug":"die-virada","status":"publish","type":"page","link":"https:\/\/www.virada.ovh\/virada\/de\/die-virada\/","title":{"rendered":"Die Virada"},"content":{"rendered":"<div class='e-content'>\n<p><em><strong>Die Virada<\/strong><\/em> ist ein einzel Wohnung, neben unser Hauss, mit Terrasse und privat Parkplatz.<\/p>\n<p><span style=\"text-decoration: underline;\"><em><strong><img loading=\"lazy\" decoding=\"async\" class=\" wp-image-559 alignright\" src=\"https:\/\/www.virada.ovh\/virada\/wp-content\/uploads\/2019\/02\/pictos-500x167-1.jpg\" alt=\"\" width=\"109\" height=\"42\" \/>Schlafzimmer<\/strong><\/em><\/span><\/p>\n<p>15m\u00b2 Raum mit 140&#215;200 Bett ( Kinderbett nach Wunsch).<\/p>\n\t\t<link href=\"https:\/\/www.virada.ovh\/virada\/wp-content\/plugins\/slideshow-ck\/themes\/default\/css\/camera.css\" rel=\"stylesheet\" type=\"text\/css\" \/>\n\t\t<style type=\"text\/css\">\n\t\t\t#camera_wrap_639 .camera_pag_ul li img, #camera_wrap_639 .camera_thumbs_cont ul li img {\n\t\t\t\theight:100px;\n\t\t\t\twidth: auto;\n\t\t\t}\n\t\t\t#camera_wrap_639 .camera_caption {\n\t\t\t\tdisplay: block;\n\t\t\t\tposition: absolute;\n\t\t\t}\n\t\t\t#camera_wrap_639 .camera_caption a.camera_caption_link {\n\t\t\t\tdisplay: block;\n\t\t\t\tposition: absolute;\n\t\t\t\tleft: 0;\n\t\t\t\tright: 0;\n\t\t\t\ttop: 0;\n\t\t\t\tbottom: 0;\n\t\t\t}\n\t\t\t#camera_wrap_639 .camera_caption > div {\n\t\t\t\tbackground: #000000;\t\t\t}\n\t\t\t#camera_wrap_639 .camera_caption div.camera_caption_title {\n\t\t\t\tfont-size: 18px;line-height: 18px;font-weight: normal;\t\t\t}\n\t\t\t#camera_wrap_639 .camera_caption div.camera_caption_desc {\n\t\t\t\tfont-size: 12px;line-height: 12px;font-weight: normal;\t\t\t}\n\t\t<\/style>\n\t\t\t\t<div class=\"slideshowck camera_wrap camera_amber_skin\" id=\"camera_wrap_639\">\n\t\t\t\t\t\t\t<div  data-thumb=\"https:\/\/www.virada.ovh\/virada\/wp-content\/uploads\/2019\/02\/Virado_-7.jpg\" data-src=\"https:\/\/www.virada.ovh\/virada\/wp-content\/uploads\/2019\/02\/Virado_-7.jpg\" data-link=\"https:\/\/www.virada.ovh\/virada\/wp-content\/uploads\/2019\/02\/Virado_-7.jpg\" data-target=\"\" data-alignment=\"\">\n\t\t\t\t\t\t\t\t\t\t<\/div>\n\t\t\t\t\t\t\t<div  data-thumb=\"https:\/\/www.virada.ovh\/virada\/wp-content\/uploads\/2019\/02\/Virado_-2-3.jpg\" data-src=\"https:\/\/www.virada.ovh\/virada\/wp-content\/uploads\/2019\/02\/Virado_-2-3.jpg\" data-link=\"https:\/\/www.virada.ovh\/virada\/wp-content\/uploads\/2019\/02\/Virado_-2-3.jpg\" data-target=\"\" data-alignment=\"\">\n\t\t\t\t\t\t\t\t\t\t<\/div>\n\t\t\t\t\t\t\t<div  data-thumb=\"https:\/\/www.virada.ovh\/virada\/wp-content\/uploads\/2019\/02\/Virado_-3-2.jpg\" data-src=\"https:\/\/www.virada.ovh\/virada\/wp-content\/uploads\/2019\/02\/Virado_-3-2.jpg\" data-link=\"https:\/\/www.virada.ovh\/virada\/wp-content\/uploads\/2019\/02\/Virado_-3-2.jpg\" data-target=\"\" data-alignment=\"\">\n\t\t\t\t\t\t\t\t\t\t<\/div>\n\t\t\t\t\t<\/div>\n\t\t<div style=\"clear:both;\"><\/div>\n\t\t\n<p><span style=\"text-decoration: underline;\"><em><strong>Wohnzimmer<\/strong><\/em><\/span><\/p>\n<p>Im Wohnzimmer finden Sie eine kleine K\u00fcche mit einem kleinen K\u00fchlschrank, Mickowellenofen und Kaffee oder Tee Zubeh\u00f6r.<\/p>\n\t\t<link href=\"https:\/\/www.virada.ovh\/virada\/wp-content\/plugins\/slideshow-ck\/themes\/default\/css\/camera.css\" rel=\"stylesheet\" type=\"text\/css\" \/>\n\t\t<style type=\"text\/css\">\n\t\t\t#camera_wrap_646 .camera_pag_ul li img, #camera_wrap_646 .camera_thumbs_cont ul li img {\n\t\t\t\theight:100px;\n\t\t\t\twidth: auto;\n\t\t\t}\n\t\t\t#camera_wrap_646 .camera_caption {\n\t\t\t\tdisplay: block;\n\t\t\t\tposition: absolute;\n\t\t\t}\n\t\t\t#camera_wrap_646 .camera_caption a.camera_caption_link {\n\t\t\t\tdisplay: block;\n\t\t\t\tposition: absolute;\n\t\t\t\tleft: 0;\n\t\t\t\tright: 0;\n\t\t\t\ttop: 0;\n\t\t\t\tbottom: 0;\n\t\t\t}\n\t\t\t#camera_wrap_646 .camera_caption > div {\n\t\t\t\tbackground: #000000;\t\t\t}\n\t\t\t#camera_wrap_646 .camera_caption div.camera_caption_title {\n\t\t\t\tfont-size: 18px;line-height: 18px;font-weight: normal;\t\t\t}\n\t\t\t#camera_wrap_646 .camera_caption div.camera_caption_desc {\n\t\t\t\tfont-size: 12px;line-height: 12px;font-weight: normal;\t\t\t}\n\t\t<\/style>\n\t\t\t\t<div class=\"slideshowck camera_wrap camera_amber_skin\" id=\"camera_wrap_646\">\n\t\t\t\t\t\t\t<div  data-thumb=\"https:\/\/www.virada.ovh\/virada\/wp-content\/uploads\/2019\/02\/Virado_-4-2.jpg\" data-src=\"https:\/\/www.virada.ovh\/virada\/wp-content\/uploads\/2019\/02\/Virado_-4-2.jpg\" data-link=\"https:\/\/www.virada.ovh\/virada\/wp-content\/uploads\/2019\/02\/Virado_-4-2.jpg\" data-target=\"\" data-alignment=\"\">\n\t\t\t\t\t\t\t\t\t\t<\/div>\n\t\t\t\t\t\t\t<div  data-thumb=\"https:\/\/www.virada.ovh\/virada\/wp-content\/uploads\/2019\/02\/virado_-7-1.jpg\" data-src=\"https:\/\/www.virada.ovh\/virada\/wp-content\/uploads\/2019\/02\/virado_-7-1.jpg\" data-link=\"https:\/\/www.virada.ovh\/virada\/wp-content\/uploads\/2019\/02\/virado_-7-1.jpg\" data-target=\"\" data-alignment=\"\">\n\t\t\t\t\t\t\t\t\t\t<\/div>\n\t\t\t\t\t<\/div>\n\t\t<div style=\"clear:both;\"><\/div>\n\t\t\n<p><strong><span style=\"text-decoration: underline;\"><em>Badezimmer<\/em><\/span><\/strong><\/p>\n<p>Dusche+WC &#8211; Haartrochener &#8211; <span id=\"reversoResult\">Handt\u00fccher<\/span><\/p>\n\t\t<link href=\"https:\/\/www.virada.ovh\/virada\/wp-content\/plugins\/slideshow-ck\/themes\/default\/css\/camera.css\" rel=\"stylesheet\" type=\"text\/css\" \/>\n\t\t<style type=\"text\/css\">\n\t\t\t#camera_wrap_647 .camera_pag_ul li img, #camera_wrap_647 .camera_thumbs_cont ul li img {\n\t\t\t\theight:100px;\n\t\t\t\twidth: auto;\n\t\t\t}\n\t\t\t#camera_wrap_647 .camera_caption {\n\t\t\t\tdisplay: block;\n\t\t\t\tposition: absolute;\n\t\t\t}\n\t\t\t#camera_wrap_647 .camera_caption a.camera_caption_link {\n\t\t\t\tdisplay: block;\n\t\t\t\tposition: absolute;\n\t\t\t\tleft: 0;\n\t\t\t\tright: 0;\n\t\t\t\ttop: 0;\n\t\t\t\tbottom: 0;\n\t\t\t}\n\t\t\t#camera_wrap_647 .camera_caption > div {\n\t\t\t\tbackground: #000000;\t\t\t}\n\t\t\t#camera_wrap_647 .camera_caption div.camera_caption_title {\n\t\t\t\tfont-size: 18px;line-height: 18px;font-weight: normal;\t\t\t}\n\t\t\t#camera_wrap_647 .camera_caption div.camera_caption_desc {\n\t\t\t\tfont-size: 12px;line-height: 12px;font-weight: normal;\t\t\t}\n\t\t<\/style>\n\t\t\t\t<div class=\"slideshowck camera_wrap camera_amber_skin\" id=\"camera_wrap_647\">\n\t\t\t\t\t\t\t<div  data-thumb=\"https:\/\/www.virada.ovh\/virada\/wp-content\/uploads\/2019\/02\/Virado_-5-1.jpg\" data-src=\"https:\/\/www.virada.ovh\/virada\/wp-content\/uploads\/2019\/02\/Virado_-5-1.jpg\" data-link=\"https:\/\/www.virada.ovh\/virada\/wp-content\/uploads\/2019\/02\/Virado_-5-1.jpg\" data-target=\"\" data-alignment=\"\">\n\t\t\t\t\t\t\t\t\t\t<\/div>\n\t\t\t\t\t\t\t<div  data-thumb=\"https:\/\/www.virada.ovh\/virada\/wp-content\/uploads\/2019\/02\/Virado_-6-1.jpg\" data-src=\"https:\/\/www.virada.ovh\/virada\/wp-content\/uploads\/2019\/02\/Virado_-6-1.jpg\" data-link=\"https:\/\/www.virada.ovh\/virada\/wp-content\/uploads\/2019\/02\/Virado_-6-1.jpg\" data-target=\"\" data-alignment=\"\">\n\t\t\t\t\t\t\t\t\t\t<\/div>\n\t\t\t\t\t<\/div>\n\t\t<div style=\"clear:both;\"><\/div>\n\t\t\n<p><strong><em><span style=\"text-decoration: underline;\">Das Hauss<\/span><br \/><\/em><\/strong><\/p>\n\t\t<link href=\"https:\/\/www.virada.ovh\/virada\/wp-content\/plugins\/slideshow-ck\/themes\/default\/css\/camera.css\" rel=\"stylesheet\" type=\"text\/css\" \/>\n\t\t<style type=\"text\/css\">\n\t\t\t#camera_wrap_1226 .camera_pag_ul li img, #camera_wrap_1226 .camera_thumbs_cont ul li img {\n\t\t\t\theight:100px;\n\t\t\t\twidth: auto;\n\t\t\t}\n\t\t\t#camera_wrap_1226 .camera_caption {\n\t\t\t\tdisplay: block;\n\t\t\t\tposition: absolute;\n\t\t\t}\n\t\t\t#camera_wrap_1226 .camera_caption a.camera_caption_link {\n\t\t\t\tdisplay: block;\n\t\t\t\tposition: absolute;\n\t\t\t\tleft: 0;\n\t\t\t\tright: 0;\n\t\t\t\ttop: 0;\n\t\t\t\tbottom: 0;\n\t\t\t}\n\t\t\t#camera_wrap_1226 .camera_caption > div {\n\t\t\t\tbackground: #000000;\t\t\t}\n\t\t\t#camera_wrap_1226 .camera_caption div.camera_caption_title {\n\t\t\t\tfont-size: 18px;line-height: 18px;font-weight: normal;\t\t\t}\n\t\t\t#camera_wrap_1226 .camera_caption div.camera_caption_desc {\n\t\t\t\tfont-size: 12px;line-height: 12px;font-weight: normal;\t\t\t}\n\t\t<\/style>\n\t\t\t\t<div class=\"slideshowck camera_wrap camera_amber_skin\" id=\"camera_wrap_1226\">\n\t\t\t\t\t\t\t<div  data-thumb=\"https:\/\/www.virada.ovh\/virada\/wp-content\/uploads\/2019\/04\/virada_exterieur_.jpg\" data-src=\"https:\/\/www.virada.ovh\/virada\/wp-content\/uploads\/2019\/04\/virada_exterieur_.jpg\" data-link=\"https:\/\/www.virada.ovh\/virada\/wp-content\/uploads\/2019\/04\/virada_exterieur_.jpg\" data-target=\"_parent\">\n\t\t\t\t\t\t\t\t\t\t<\/div>\n\t\t\t\t\t\t\t<div  data-thumb=\"https:\/\/www.virada.ovh\/virada\/wp-content\/uploads\/2019\/03\/virada_ext_2.jpg\" data-src=\"https:\/\/www.virada.ovh\/virada\/wp-content\/uploads\/2019\/03\/virada_ext_2.jpg\" data-link=\"https:\/\/www.virada.ovh\/virada\/wp-content\/uploads\/2019\/03\/virada_ext_2.jpg\" data-target=\"_parent\">\n\t\t\t\t\t\t\t\t\t\t<\/div>\n\t\t\t\t\t\t\t<div  data-thumb=\"https:\/\/www.virada.ovh\/virada\/wp-content\/uploads\/2019\/03\/virada_ext_3.jpg\" data-src=\"https:\/\/www.virada.ovh\/virada\/wp-content\/uploads\/2019\/03\/virada_ext_3.jpg\" data-link=\"https:\/\/www.virada.ovh\/virada\/wp-content\/uploads\/2019\/03\/virada_ext_3.jpg\" data-target=\"_parent\">\n\t\t\t\t\t\t\t\t\t\t<\/div>\n\t\t\t\t\t\t\t<div  data-thumb=\"https:\/\/www.virada.ovh\/virada\/wp-content\/uploads\/2019\/03\/virada_ext_4.jpg\" data-src=\"https:\/\/www.virada.ovh\/virada\/wp-content\/uploads\/2019\/03\/virada_ext_4.jpg\" data-link=\"https:\/\/www.virada.ovh\/virada\/wp-content\/uploads\/2019\/03\/virada_ext_4.jpg\" data-target=\"_parent\">\n\t\t\t\t\t\t\t\t\t\t<\/div>\n\t\t\t\t\t\t\t<div  data-thumb=\"https:\/\/www.virada.ovh\/virada\/wp-content\/uploads\/2019\/04\/virada_petit_dej_.jpg\" data-src=\"https:\/\/www.virada.ovh\/virada\/wp-content\/uploads\/2019\/04\/virada_petit_dej_.jpg\" data-link=\"https:\/\/www.virada.ovh\/virada\/wp-content\/uploads\/2019\/04\/virada_petit_dej_.jpg\" data-target=\"_parent\">\n\t\t\t\t\t\t\t\t\t\t<\/div>\n\t\t\t\t\t\t\t<div  data-thumb=\"https:\/\/www.virada.ovh\/virada\/wp-content\/uploads\/2019\/04\/virada_petit_dej_-2.jpg\" data-src=\"https:\/\/www.virada.ovh\/virada\/wp-content\/uploads\/2019\/04\/virada_petit_dej_-2.jpg\" data-link=\"https:\/\/www.virada.ovh\/virada\/wp-content\/uploads\/2019\/04\/virada_petit_dej_-2.jpg\" data-target=\"_parent\">\n\t\t\t\t\t\t\t\t\t\t<\/div>\n\t\t\t\t\t\t\t<div  data-thumb=\"https:\/\/www.virada.ovh\/virada\/wp-content\/uploads\/2019\/04\/virada_exterieur_-2.jpg\" data-src=\"https:\/\/www.virada.ovh\/virada\/wp-content\/uploads\/2019\/04\/virada_exterieur_-2.jpg\" data-link=\"https:\/\/www.virada.ovh\/virada\/wp-content\/uploads\/2019\/04\/virada_exterieur_-2.jpg\" data-target=\"_parent\">\n\t\t\t\t\t\t\t\t\t\t<\/div>\n\t\t\t\t\t<\/div>\n\t\t<div style=\"clear:both;\"><\/div>\n\t\t\n<div id=\"trpar\"><span id=\"s2_1\">Terrasse mit Gartenm\u00f6beln \u00a0 &#8211; \u00a0 <\/span><span id=\"s2_2\">Privat Parkplatz (1 Fahrzeug).<\/span><\/div>\n<div>\u00a0<\/div>\n<div><a href=\"https:\/\/www.virada.ovh\/virada\/de\/kontakt\/\">Kontakt Formular hier<\/a><\/div>\n<div><a href=\"https:\/\/www.virada.ovh\/virada\/de\/preis-booking\/\">Prei\u00df und Booking<\/a><\/div>\n<\/div>","protected":false},"excerpt":{"rendered":"<div class='e-content p-summary'>Die Virada ist ein einzel Wohnung, neben unser Hauss, mit Terrasse und privat Parkplatz. Schlafzimmer 15m\u00b2 Raum mit 140&#215;200 Bett ( Kinderbett nach Wunsch). Wohnzimmer Im Wohnzimmer finden Sie eine kleine K\u00fcche mit einem kleinen K\u00fchlschrank, Mickowellenofen und Kaffee oder &hellip; <a href=\"https:\/\/www.virada.ovh\/virada\/de\/die-virada\/\">Continuer la lecture <span class=\"meta-nav\">&rarr;<\/span><\/a><\/div>\n","protected":false},"author":1,"featured_media":0,"parent":0,"menu_order":0,"comment_status":"closed","ping_status":"closed","template":"","meta":{"footnotes":""},"_links":{"self":[{"href":"https:\/\/www.virada.ovh\/virada\/wp-json\/wp\/v2\/pages\/637"}],"collection":[{"href":"https:\/\/www.virada.ovh\/virada\/wp-json\/wp\/v2\/pages"}],"about":[{"href":"https:\/\/www.virada.ovh\/virada\/wp-json\/wp\/v2\/types\/page"}],"author":[{"embeddable":true,"href":"https:\/\/www.virada.ovh\/virada\/wp-json\/wp\/v2\/users\/1"}],"replies":[{"embeddable":true,"href":"https:\/\/www.virada.ovh\/virada\/wp-json\/wp\/v2\/comments?post=637"}],"version-history":[{"count":25,"href":"https:\/\/www.virada.ovh\/virada\/wp-json\/wp\/v2\/pages\/637\/revisions"}],"predecessor-version":[{"id":1229,"href":"https:\/\/www.virada.ovh\/virada\/wp-json\/wp\/v2\/pages\/637\/revisions\/1229"}],"wp:attachment":[{"href":"https:\/\/www.virada.ovh\/virada\/wp-json\/wp\/v2\/media?parent=637"}],"curies":[{"name":"wp","href":"https:\/\/api.w.org\/{rel}","templated":true}]}}